{"id":1557,"date":"2022-06-20T23:26:16","date_gmt":"2022-06-20T23:26:16","guid":{"rendered":"https:\/\/sommiermendoza.com\/?post_type=product&#038;p=1557"},"modified":"2024-01-15T22:27:34","modified_gmt":"2024-01-15T22:27:34","slug":"colchon-1-plaza-suenito-goma-espuma-190-cm-x-80-cm-x-17-cm","status":"publish","type":"product","link":"https:\/\/sommiermendoza.com\/?product=colchon-1-plaza-suenito-goma-espuma-190-cm-x-80-cm-x-17-cm","title":{"rendered":"Colchon 1 Plaza Sue\u00f1ito Goma Espuma 190 cm x 80 cm x 17 cm"},"content":{"rendered":"<p>Colch\u00f3n Espuma 1 Plaza L\u00ednea Sue\u00f1ito. 190cm x 80 cm x 17cm<\/p>\n","protected":false},"excerpt":{"rendered":"<p>Colch\u00f3n Espuma 1 Plaza L\u00ednea Sue\u00f1ito. 190cm x 80 cm x 17cm<\/p>\n","protected":false},"featured_media":1558,"template":"","meta":{"_monsterinsights_skip_tracking":false,"_monsterinsights_sitenote_active":false,"_monsterinsights_sitenote_note":"","_monsterinsights_sitenote_category":0,"site-sidebar-layout":"default","site-content-layout":"default","ast-site-content-layout":"","site-content-style":"default","site-sidebar-style":"default","ast-global-header-display":"","ast-banner-title-visibility":"","ast-main-header-display":"","ast-hfb-above-header-display":"","ast-hfb-below-header-display":"","ast-hfb-mobile-header-display":"","site-post-title":"","ast-breadcrumbs-content":"","ast-featured-img":"","footer-sml-layout":"","theme-transparent-header-meta":"default","adv-header-id-meta":"","stick-header-meta":"","header-above-stick-meta":"","header-main-stick-meta":"","header-below-stick-meta":"","astra-migrate-meta-layouts":"default","ast-page-background-enabled":"default","ast-page-background-meta":{"desktop":{"background-color":"","background-image":"","background-repeat":"repeat","background-position":"center center","background-size":"auto","background-attachment":"scroll","background-type":"","background-media":"","overlay-type":"","overlay-color":"","overlay-gradient":""},"tablet":{"background-color":"","background-image":"","background-repeat":"repeat","background-position":"center center","background-size":"auto","background-attachment":"scroll","background-type":"","background-media":"","overlay-type":"","overlay-color":"","overlay-gradient":""},"mobile":{"background-color":"","background-image":"","background-repeat":"repeat","background-position":"center center","background-size":"auto","background-attachment":"scroll","background-type":"","background-media":"","overlay-type":"","overlay-color":"","overlay-gradient":""}},"ast-content-background-meta":{"desktop":{"background-color":"var(--ast-global-color-5)","background-image":"","background-repeat":"repeat","background-position":"center center","background-size":"auto","background-attachment":"scroll","background-type":"","background-media":"","overlay-type":"","overlay-color":"","overlay-gradient":""},"tablet":{"background-color":"var(--ast-global-color-5)","background-image":"","background-repeat":"repeat","background-position":"center center","background-size":"auto","background-attachment":"scroll","background-type":"","background-media":"","overlay-type":"","overlay-color":"","overlay-gradient":""},"mobile":{"background-color":"var(--ast-global-color-5)","background-image":"","background-repeat":"repeat","background-position":"center center","background-size":"auto","background-attachment":"scroll","background-type":"","background-media":"","overlay-type":"","overlay-color":"","overlay-gradient":""}}},"product_cat":[54,55],"product_tag":[],"jetpack_sharing_enabled":true,"_links":{"self":[{"href":"https:\/\/sommiermendoza.com\/index.php?rest_route=\/wp\/v2\/product\/1557"}],"collection":[{"href":"https:\/\/sommiermendoza.com\/index.php?rest_route=\/wp\/v2\/product"}],"about":[{"href":"https:\/\/sommiermendoza.com\/index.php?rest_route=\/wp\/v2\/types\/product"}],"wp:featuredmedia":[{"embeddable":true,"href":"https:\/\/sommiermendoza.com\/index.php?rest_route=\/wp\/v2\/media\/1558"}],"wp:attachment":[{"href":"https:\/\/sommiermendoza.com\/index.php?rest_route=%2Fwp%2Fv2%2Fmedia&parent=1557"}],"wp:term":[{"taxonomy":"product_cat","embeddable":true,"href":"https:\/\/sommiermendoza.com\/index.php?rest_route=%2Fwp%2Fv2%2Fproduct_cat&post=1557"},{"taxonomy":"product_tag","embeddable":true,"href":"https:\/\/sommiermendoza.com\/index.php?rest_route=%2Fwp%2Fv2%2Fproduct_tag&post=1557"}],"curies":[{"name":"wp","href":"https:\/\/api.w.org\/{rel}","templated":true}]}}