{"id":2408,"date":"2022-07-15T16:24:31","date_gmt":"2022-07-15T16:24:31","guid":{"rendered":"https:\/\/sommiermendoza.com\/?post_type=product&#038;p=2408"},"modified":"2024-01-22T14:23:22","modified_gmt":"2024-01-22T14:23:22","slug":"placard-2-puertas-2-cajones-platinum-912","status":"publish","type":"product","link":"https:\/\/sommiermendoza.com\/?product=placard-2-puertas-2-cajones-platinum-912","title":{"rendered":"Placard 2 Puertas 2 Cajones Platinum 912"},"content":{"rendered":"<p><a href=\"https:\/\/sommiermendoza.com\/wp-content\/uploads\/2022\/07\/912-manual-de-armado.pdf\">Ver Manual de Armado<\/a><\/p>\n<p>Este producto es perfecto para organizar la ropa y el calzado sin ocupar demasiado espacio de nuestra habitaci\u00f3n. Con dos cajones inferiores y un armario central que en su interior cuenta con un barral, este placard es una pr\u00e1ctica opci\u00f3n para mantener el orden en tu hogar. Importante: Se entrega desarmado, en 1 caja de 43,70 Kg, con manual de instrucciones para lograr un f\u00e1cil armado.<\/p>\n","protected":false},"excerpt":{"rendered":"<p>Ver Manual de Armado Este producto es perfecto para organizar la ropa y el calzado sin ocupar demasiado espacio de nuestra habitaci\u00f3n. Con dos cajones inferiores y un armario central que en su interior cuenta con un barral, este placard es una pr\u00e1ctica opci\u00f3n para mantener el orden en tu hogar. Importante: Se entrega desarmado, [&hellip;]<\/p>\n","protected":false},"featured_media":2415,"template":"","meta":{"_monsterinsights_skip_tracking":false,"_monsterinsights_sitenote_active":false,"_monsterinsights_sitenote_note":"","_monsterinsights_sitenote_category":0,"site-sidebar-layout":"default","site-content-layout":"default","ast-site-content-layout":"default","site-content-style":"default","site-sidebar-style":"default","ast-global-header-display":"","ast-banner-title-visibility":"","ast-main-header-display":"","ast-hfb-above-header-display":"","ast-hfb-below-header-display":"","ast-hfb-mobile-header-display":"","site-post-title":"","ast-breadcrumbs-content":"","ast-featured-img":"","footer-sml-layout":"","theme-transparent-header-meta":"default","adv-header-id-meta":"","stick-header-meta":"","header-above-stick-meta":"","header-main-stick-meta":"","header-below-stick-meta":"","astra-migrate-meta-layouts":"set","ast-page-background-enabled":"default","ast-page-background-meta":{"desktop":{"background-color":"","background-image":"","background-repeat":"repeat","background-position":"center center","background-size":"auto","background-attachment":"scroll","background-type":"","background-media":"","overlay-type":"","overlay-color":"","overlay-gradient":""},"tablet":{"background-color":"","background-image":"","background-repeat":"repeat","background-position":"center center","background-size":"auto","background-attachment":"scroll","background-type":"","background-media":"","overlay-type":"","overlay-color":"","overlay-gradient":""},"mobile":{"background-color":"","background-image":"","background-repeat":"repeat","background-position":"center center","background-size":"auto","background-attachment":"scroll","background-type":"","background-media":"","overlay-type":"","overlay-color":"","overlay-gradient":""}},"ast-content-background-meta":{"desktop":{"background-color":"var(--ast-global-color-5)","background-image":"","background-repeat":"repeat","background-position":"center center","background-size":"auto","background-attachment":"scroll","background-type":"","background-media":"","overlay-type":"","overlay-color":"","overlay-gradient":""},"tablet":{"background-color":"var(--ast-global-color-5)","background-image":"","background-repeat":"repeat","background-position":"center center","background-size":"auto","background-attachment":"scroll","background-type":"","background-media":"","overlay-type":"","overlay-color":"","overlay-gradient":""},"mobile":{"background-color":"var(--ast-global-color-5)","background-image":"","background-repeat":"repeat","background-position":"center center","background-size":"auto","background-attachment":"scroll","background-type":"","background-media":"","overlay-type":"","overlay-color":"","overlay-gradient":""}}},"product_cat":[60],"product_tag":[],"jetpack_sharing_enabled":true,"_links":{"self":[{"href":"https:\/\/sommiermendoza.com\/index.php?rest_route=\/wp\/v2\/product\/2408"}],"collection":[{"href":"https:\/\/sommiermendoza.com\/index.php?rest_route=\/wp\/v2\/product"}],"about":[{"href":"https:\/\/sommiermendoza.com\/index.php?rest_route=\/wp\/v2\/types\/product"}],"wp:featuredmedia":[{"embeddable":true,"href":"https:\/\/sommiermendoza.com\/index.php?rest_route=\/wp\/v2\/media\/2415"}],"wp:attachment":[{"href":"https:\/\/sommiermendoza.com\/index.php?rest_route=%2Fwp%2Fv2%2Fmedia&parent=2408"}],"wp:term":[{"taxonomy":"product_cat","embeddable":true,"href":"https:\/\/sommiermendoza.com\/index.php?rest_route=%2Fwp%2Fv2%2Fproduct_cat&post=2408"},{"taxonomy":"product_tag","embeddable":true,"href":"https:\/\/sommiermendoza.com\/index.php?rest_route=%2Fwp%2Fv2%2Fproduct_tag&post=2408"}],"curies":[{"name":"wp","href":"https:\/\/api.w.org\/{rel}","templated":true}]}}