{"id":2467,"date":"2022-07-17T01:46:03","date_gmt":"2022-07-17T01:46:03","guid":{"rendered":"https:\/\/sommiermendoza.com\/?post_type=product&#038;p=2467"},"modified":"2023-03-24T16:38:24","modified_gmt":"2023-03-24T16:38:24","slug":"placard-3-puertas-corredizas-3-cajones-platinum-max-633-tabaco","status":"publish","type":"product","link":"https:\/\/sommiermendoza.com\/?product=placard-3-puertas-corredizas-3-cajones-platinum-max-633-tabaco","title":{"rendered":"Placard 3 Puertas Corredizas 3 Cajones Platinum Max 633 Tabaco"},"content":{"rendered":"<p>Te presentamos este novedoso y vanguardista placard fabricado en melanina con correderas de aluminio por donde se deslizan suavemente sus 3 puertas, 10 estantes (2 regulables a 3 niveles que ya se encuentran marcados para tu comodidad) y 2 barrales distribuidos de forma tal que tus prendas queden al alcance de tu mano, sumado a esto 3 cajones, 1 debajo de cada puerta siendo esto el complemento ideal a la capacidad antes descripta. Posee una pr\u00e1ctica baulera incorporada en la parte superior aprovechando al m\u00e1ximo sus 2,22m de altura.\u00a0Su sistema de embalaje y armado en kit te permite transportarlo sin dificultades hasta su lugar de armado. Luego, pod\u00e9s desarmarlo para trasladarlo y armarlo nuevamente. Adem\u00e1s es un producto modular que pod\u00e9s combinarlo con otros placares Platinum, manteniendo la l\u00ednea y ocupando todo el espacio que desees.<\/p>\n","protected":false},"excerpt":{"rendered":"<p>Te presentamos este novedoso y vanguardista placard fabricado en melanina con correderas de aluminio por donde se deslizan suavemente sus 3 puertas, 10 estantes (2 regulables a 3 niveles que ya se encuentran marcados para tu comodidad) y 2 barrales distribuidos de forma tal que tus prendas queden al alcance de tu mano, sumado a [&hellip;]<\/p>\n","protected":false},"featured_media":2468,"template":"","meta":{"_monsterinsights_skip_tracking":false,"_monsterinsights_sitenote_active":false,"_monsterinsights_sitenote_note":"","_monsterinsights_sitenote_category":0,"site-sidebar-layout":"default","site-content-layout":"default","ast-site-content-layout":"","site-content-style":"default","site-sidebar-style":"default","ast-global-header-display":"","ast-banner-title-visibility":"","ast-main-header-display":"","ast-hfb-above-header-display":"","ast-hfb-below-header-display":"","ast-hfb-mobile-header-display":"","site-post-title":"","ast-breadcrumbs-content":"","ast-featured-img":"","footer-sml-layout":"","theme-transparent-header-meta":"default","adv-header-id-meta":"","stick-header-meta":"","header-above-stick-meta":"","header-main-stick-meta":"","header-below-stick-meta":"","astra-migrate-meta-layouts":"default","ast-page-background-enabled":"default","ast-page-background-meta":{"desktop":{"background-color":"","background-image":"","background-repeat":"repeat","background-position":"center center","background-size":"auto","background-attachment":"scroll","background-type":"","background-media":"","overlay-type":"","overlay-color":"","overlay-gradient":""},"tablet":{"background-color":"","background-image":"","background-repeat":"repeat","background-position":"center center","background-size":"auto","background-attachment":"scroll","background-type":"","background-media":"","overlay-type":"","overlay-color":"","overlay-gradient":""},"mobile":{"background-color":"","background-image":"","background-repeat":"repeat","background-position":"center center","background-size":"auto","background-attachment":"scroll","background-type":"","background-media":"","overlay-type":"","overlay-color":"","overlay-gradient":""}},"ast-content-background-meta":{"desktop":{"background-color":"var(--ast-global-color-5)","background-image":"","background-repeat":"repeat","background-position":"center center","background-size":"auto","background-attachment":"scroll","background-type":"","background-media":"","overlay-type":"","overlay-color":"","overlay-gradient":""},"tablet":{"background-color":"var(--ast-global-color-5)","background-image":"","background-repeat":"repeat","background-position":"center center","background-size":"auto","background-attachment":"scroll","background-type":"","background-media":"","overlay-type":"","overlay-color":"","overlay-gradient":""},"mobile":{"background-color":"var(--ast-global-color-5)","background-image":"","background-repeat":"repeat","background-position":"center center","background-size":"auto","background-attachment":"scroll","background-type":"","background-media":"","overlay-type":"","overlay-color":"","overlay-gradient":""}}},"product_cat":[60],"product_tag":[],"jetpack_sharing_enabled":true,"_links":{"self":[{"href":"https:\/\/sommiermendoza.com\/index.php?rest_route=\/wp\/v2\/product\/2467"}],"collection":[{"href":"https:\/\/sommiermendoza.com\/index.php?rest_route=\/wp\/v2\/product"}],"about":[{"href":"https:\/\/sommiermendoza.com\/index.php?rest_route=\/wp\/v2\/types\/product"}],"wp:featuredmedia":[{"embeddable":true,"href":"https:\/\/sommiermendoza.com\/index.php?rest_route=\/wp\/v2\/media\/2468"}],"wp:attachment":[{"href":"https:\/\/sommiermendoza.com\/index.php?rest_route=%2Fwp%2Fv2%2Fmedia&parent=2467"}],"wp:term":[{"taxonomy":"product_cat","embeddable":true,"href":"https:\/\/sommiermendoza.com\/index.php?rest_route=%2Fwp%2Fv2%2Fproduct_cat&post=2467"},{"taxonomy":"product_tag","embeddable":true,"href":"https:\/\/sommiermendoza.com\/index.php?rest_route=%2Fwp%2Fv2%2Fproduct_tag&post=2467"}],"curies":[{"name":"wp","href":"https:\/\/api.w.org\/{rel}","templated":true}]}}