{"id":2475,"date":"2022-07-17T03:03:21","date_gmt":"2022-07-17T03:03:21","guid":{"rendered":"https:\/\/sommiermendoza.com\/?post_type=product&#038;p=2475"},"modified":"2024-01-22T14:07:14","modified_gmt":"2024-01-22T14:07:14","slug":"placard-3-puertas-corredizas-3-cajones-platinum-max-635-gris-andino","status":"publish","type":"product","link":"https:\/\/sommiermendoza.com\/?product=placard-3-puertas-corredizas-3-cajones-platinum-max-635-gris-andino","title":{"rendered":"Placard 3 Puertas Corredizas 3 Cajones Platinum Max 635 Gris Andino"},"content":{"rendered":"<p>Te presentamos este novedoso y vanguardista placard Platinum Premium de 3 puertas corredizas con gu\u00edas de aluminio en su parte superior e inferior con su correspondiente sistema de rodamientos en ambos extremos garantiza un suave deslizamiento en sus aberturas. Fabricado en melanina est\u00e1 compuesto por 3 puertas, 10 estantes (2 regulables a 3 niveles que ya se encuentran marcados para tu comodidad) y 2 barrales distribuidos de forma tal que tus prendas queden al alcance de tu mano, sumado a esto 3 cajones, 1 debajo de cada puerta siendo esto el complemento ideal a la capacidad antes descripta. Adem\u00e1s, el sistema de manija lateral de aluminio que ocupa el alto total de la puerta, favorece su protecci\u00f3n y funcionalidad, brind\u00e1ndole tambi\u00e9n un acabado est\u00e9tico moderno y delicado. Los cajones son deslizables sobre correderas met\u00e1licas y poseen adem\u00e1s todo el interior revestido. Para completar su toque distintivo dif\u00edcil de igualar dif\u00edcil de igualar en su relaci\u00f3n de precio\/calidad, este placard se encuentra completamente revestido en su interior, lo cual facilita su limpieza y mantenimiento diario. Este modelo es ideal para que organices tus prendas y las tengas al alcance de tu mano. Su sistema de embalaje y armado en kit te permite transportarlo sin dificultades hasta su lugar de armado. Luego, pod\u00e9s desarmarlo para trasladarlo y armarlo nuevamente. Adem\u00e1s es un producto modular que pod\u00e9s combinarlo con otros placares Platinum, manteniendo la l\u00ednea y ocupando todo el espacio que desees.<\/p>\n","protected":false},"excerpt":{"rendered":"<p>Te presentamos este novedoso y vanguardista placard Platinum Premium de 3 puertas corredizas con gu\u00edas de aluminio en su parte superior e inferior con su correspondiente sistema de rodamientos en ambos extremos garantiza un suave deslizamiento en sus aberturas. Fabricado en melanina est\u00e1 compuesto por 3 puertas, 10 estantes (2 regulables a 3 niveles que [&hellip;]<\/p>\n","protected":false},"featured_media":2476,"template":"","meta":{"_monsterinsights_skip_tracking":false,"_monsterinsights_sitenote_active":false,"_monsterinsights_sitenote_note":"","_monsterinsights_sitenote_category":0,"site-sidebar-layout":"default","site-content-layout":"default","ast-site-content-layout":"default","site-content-style":"default","site-sidebar-style":"default","ast-global-header-display":"","ast-banner-title-visibility":"","ast-main-header-display":"","ast-hfb-above-header-display":"","ast-hfb-below-header-display":"","ast-hfb-mobile-header-display":"","site-post-title":"","ast-breadcrumbs-content":"","ast-featured-img":"","footer-sml-layout":"","theme-transparent-header-meta":"default","adv-header-id-meta":"","stick-header-meta":"","header-above-stick-meta":"","header-main-stick-meta":"","header-below-stick-meta":"","astra-migrate-meta-layouts":"set","ast-page-background-enabled":"default","ast-page-background-meta":{"desktop":{"background-color":"","background-image":"","background-repeat":"repeat","background-position":"center center","background-size":"auto","background-attachment":"scroll","background-type":"","background-media":"","overlay-type":"","overlay-color":"","overlay-gradient":""},"tablet":{"background-color":"","background-image":"","background-repeat":"repeat","background-position":"center center","background-size":"auto","background-attachment":"scroll","background-type":"","background-media":"","overlay-type":"","overlay-color":"","overlay-gradient":""},"mobile":{"background-color":"","background-image":"","background-repeat":"repeat","background-position":"center center","background-size":"auto","background-attachment":"scroll","background-type":"","background-media":"","overlay-type":"","overlay-color":"","overlay-gradient":""}},"ast-content-background-meta":{"desktop":{"background-color":"var(--ast-global-color-5)","background-image":"","background-repeat":"repeat","background-position":"center center","background-size":"auto","background-attachment":"scroll","background-type":"","background-media":"","overlay-type":"","overlay-color":"","overlay-gradient":""},"tablet":{"background-color":"var(--ast-global-color-5)","background-image":"","background-repeat":"repeat","background-position":"center center","background-size":"auto","background-attachment":"scroll","background-type":"","background-media":"","overlay-type":"","overlay-color":"","overlay-gradient":""},"mobile":{"background-color":"var(--ast-global-color-5)","background-image":"","background-repeat":"repeat","background-position":"center center","background-size":"auto","background-attachment":"scroll","background-type":"","background-media":"","overlay-type":"","overlay-color":"","overlay-gradient":""}}},"product_cat":[60],"product_tag":[],"jetpack_sharing_enabled":true,"_links":{"self":[{"href":"https:\/\/sommiermendoza.com\/index.php?rest_route=\/wp\/v2\/product\/2475"}],"collection":[{"href":"https:\/\/sommiermendoza.com\/index.php?rest_route=\/wp\/v2\/product"}],"about":[{"href":"https:\/\/sommiermendoza.com\/index.php?rest_route=\/wp\/v2\/types\/product"}],"wp:featuredmedia":[{"embeddable":true,"href":"https:\/\/sommiermendoza.com\/index.php?rest_route=\/wp\/v2\/media\/2476"}],"wp:attachment":[{"href":"https:\/\/sommiermendoza.com\/index.php?rest_route=%2Fwp%2Fv2%2Fmedia&parent=2475"}],"wp:term":[{"taxonomy":"product_cat","embeddable":true,"href":"https:\/\/sommiermendoza.com\/index.php?rest_route=%2Fwp%2Fv2%2Fproduct_cat&post=2475"},{"taxonomy":"product_tag","embeddable":true,"href":"https:\/\/sommiermendoza.com\/index.php?rest_route=%2Fwp%2Fv2%2Fproduct_tag&post=2475"}],"curies":[{"name":"wp","href":"https:\/\/api.w.org\/{rel}","templated":true}]}}